{"id":98,"date":"2015-04-26T13:14:19","date_gmt":"2015-04-26T12:14:19","guid":{"rendered":"http:\/\/www.alt-ebensee.at\/wp\/?page_id=98"},"modified":"2025-11-25T18:42:20","modified_gmt":"2025-11-25T17:42:20","slug":"impressum","status":"publish","type":"page","link":"https:\/\/www.alt-ebensee.at\/wp\/?page_id=98","title":{"rendered":"Impressum"},"content":{"rendered":"<div id=\"pl-98\"  class=\"panel-layout\" ><div id=\"pg-98-0\"  class=\"panel-grid panel-no-style\" ><div id=\"pgc-98-0-0\"  class=\"panel-grid-cell panel-grid-cell-empty\" ><\/div><div id=\"pgc-98-0-1\"  class=\"panel-grid-cell panel-grid-cell-mobile-last\" ><div id=\"panel-98-0-1-0\" class=\"so-panel widget widget_black-studio-tinymce widget_black_studio_tinymce panel-first-child panel-last-child\" data-index=\"0\" ><div class=\"textwidget\"><p><strong><span style=\"font-size: 9.0pt; font-family: 'Verdana',sans-serif; color: black;\">F\u00fcr den Inhalt verantwortlich:<\/span><\/strong><\/p>\n<p><span style=\"font-size: 9.0pt; font-family: 'Verdana',sans-serif; color: black;\">Verein<br \/>\nGl\u00f6cklerpass Alt Ebensee<br \/>\nZVR-Zahl: 1718599111<\/p>\n<p><\/span><span style=\"font-size: 9.0pt; font-family: 'Verdana',sans-serif; color: black;\">Almhausstra\u00dfe 24<br \/>\nA-4802 Ebensee am Traunsee<\/span><\/p>\n<p><span style=\"font-size: 9.0pt; font-family: 'Verdana',sans-serif; color: black;\"><strong><span style=\"font-family: 'Verdana',sans-serif;\">Kontakt:<\/span><\/strong><b><br \/>\n<\/b>Roland Promberger<br \/>\nTelefon: +43 (664) 4615609<br \/>\nE-Mail:<span class=\"apple-converted-space\">\u00a0<\/span><a href=\"mailto:vorlaeufer@alt-ebensee.at\">vorlaeufer(at)alt-ebensee.at<\/a><\/span><\/p>\n<p><strong><span style=\"font-family: 'Verdana',sans-serif;\">Quellen:<\/span><\/strong><b><br \/>\n<\/b>Bei den Recherchen wurden die B\u00fccher \"Brauchtum in Ebensee\" und \"Gl\u00f6cklerlauf in Ebensee\" herangezogen und auszugsweise Textpassagen verwendet.<\/p>\n<\/div><\/div><\/div><div id=\"pgc-98-0-2\"  class=\"panel-grid-cell panel-grid-cell-empty\" ><\/div><\/div><\/div>","protected":false},"excerpt":{"rendered":"<p>F\u00fcr den Inhalt verantwortlich: Verein Gl\u00f6cklerpass Alt Ebensee ZVR-Zahl: 1718599111 Almhausstra\u00dfe 24 A-4802 Ebensee am Traunsee Kontakt: Roland Promberger Telefon: +43 (664) 4615609 E-Mail:\u00a0vorlaeufer(at)alt-ebensee.at Quellen: Bei den Recherchen wurden die B\u00fccher &#8222;Brauchtum in Ebensee&#8220; und &#8222;Gl\u00f6cklerlauf in Ebensee&#8220; herangezogen und auszugsweise Textpassagen verwendet.<\/p>\n","protected":false},"author":1,"featured_media":0,"parent":0,"menu_order":0,"comment_status":"closed","ping_status":"closed","template":"","meta":{"_mi_skip_tracking":false},"_links":{"self":[{"href":"https:\/\/www.alt-ebensee.at\/wp\/index.php?rest_route=\/wp\/v2\/pages\/98"}],"collection":[{"href":"https:\/\/www.alt-ebensee.at\/wp\/index.php?rest_route=\/wp\/v2\/pages"}],"about":[{"href":"https:\/\/www.alt-ebensee.at\/wp\/index.php?rest_route=\/wp\/v2\/types\/page"}],"author":[{"embeddable":true,"href":"https:\/\/www.alt-ebensee.at\/wp\/index.php?rest_route=\/wp\/v2\/users\/1"}],"replies":[{"embeddable":true,"href":"https:\/\/www.alt-ebensee.at\/wp\/index.php?rest_route=%2Fwp%2Fv2%2Fcomments&post=98"}],"version-history":[{"count":7,"href":"https:\/\/www.alt-ebensee.at\/wp\/index.php?rest_route=\/wp\/v2\/pages\/98\/revisions"}],"predecessor-version":[{"id":452,"href":"https:\/\/www.alt-ebensee.at\/wp\/index.php?rest_route=\/wp\/v2\/pages\/98\/revisions\/452"}],"wp:attachment":[{"href":"https:\/\/www.alt-ebensee.at\/wp\/index.php?rest_route=%2Fwp%2Fv2%2Fmedia&parent=98"}],"curies":[{"name":"wp","href":"https:\/\/api.w.org\/{rel}","templated":true}]}}