{"id":87,"date":"2015-04-26T13:08:07","date_gmt":"2015-04-26T12:08:07","guid":{"rendered":"http:\/\/www.alt-ebensee.at\/wp\/?page_id=87"},"modified":"2020-01-07T13:24:48","modified_gmt":"2020-01-07T12:24:48","slug":"heute","status":"publish","type":"page","link":"https:\/\/www.alt-ebensee.at\/wp\/?page_id=87","title":{"rendered":"Heute&#8230;"},"content":{"rendered":"<p style=\"background: white; margin: 12.0pt 0cm 6.0pt 0cm;\"><span style=\"font-size: 9.0pt; font-family: 'Verdana',sans-serif; color: black;\">&#8230;beginnt der Gl\u00f6cklerlauf um 18:00 Uhr bei ausgeschalteter Ortsbeleuchtung. Die Passen erscheinen nacheinander im Ortszentrum, wo sie von den vielen Besuchern bewundert werden k\u00f6nnen.<br \/>\nAnschlie\u00dfend laufen die Passen in die Ortschaften und durch das Gemeindegebiet wobei sie in etwa vier bis f\u00fcnf Stunden unterwegs sind.<\/span><\/p>\n<p style=\"background: white; margin: 12.0pt 0cm 6.0pt 0cm;\"><span style=\"font-size: 9.0pt; font-family: 'Verdana',sans-serif; color: black;\">Am 6. J\u00e4nner findet im <a href=\"https:\/\/www.google.at\/maps\/place\/Almhausstra%C3%9Fe+24,+4802+Ebensee\/@47.8027368,13.7751088,18z\/data=!4m2!3m1!1s0x477151496302ac27:0xb5b99efbbb336b72\" target=\"_blank\" rel=\"noopener noreferrer\">Quartier der Alt-Ebenseer Gl\u00f6ckler<\/a>\u00a0eine Ausstellung der Gl\u00f6cklerkappen statt, wo diese von den Interessierten noch einmal aus der N\u00e4he sowohl beleuchtet als auch ge\u00f6ffnet betrachtet werden k\u00f6nnen.<\/span><\/p>\n","protected":false},"excerpt":{"rendered":"<p>&#8230;beginnt der Gl\u00f6cklerlauf um 18:00 Uhr bei ausgeschalteter Ortsbeleuchtung. Die Passen erscheinen nacheinander im Ortszentrum, wo sie von den vielen Besuchern bewundert werden k\u00f6nnen. Anschlie\u00dfend laufen die Passen in die Ortschaften und durch das Gemeindegebiet wobei sie in etwa vier bis f\u00fcnf Stunden unterwegs sind. Am 6. J\u00e4nner findet im Quartier der Alt-Ebenseer Gl\u00f6ckler\u00a0eine Ausstellung [&hellip;]<\/p>\n","protected":false},"author":1,"featured_media":0,"parent":79,"menu_order":2,"comment_status":"closed","ping_status":"closed","template":"","meta":{"_mi_skip_tracking":false},"_links":{"self":[{"href":"https:\/\/www.alt-ebensee.at\/wp\/index.php?rest_route=\/wp\/v2\/pages\/87"}],"collection":[{"href":"https:\/\/www.alt-ebensee.at\/wp\/index.php?rest_route=\/wp\/v2\/pages"}],"about":[{"href":"https:\/\/www.alt-ebensee.at\/wp\/index.php?rest_route=\/wp\/v2\/types\/page"}],"author":[{"embeddable":true,"href":"https:\/\/www.alt-ebensee.at\/wp\/index.php?rest_route=\/wp\/v2\/users\/1"}],"replies":[{"embeddable":true,"href":"https:\/\/www.alt-ebensee.at\/wp\/index.php?rest_route=%2Fwp%2Fv2%2Fcomments&post=87"}],"version-history":[{"count":6,"href":"https:\/\/www.alt-ebensee.at\/wp\/index.php?rest_route=\/wp\/v2\/pages\/87\/revisions"}],"predecessor-version":[{"id":325,"href":"https:\/\/www.alt-ebensee.at\/wp\/index.php?rest_route=\/wp\/v2\/pages\/87\/revisions\/325"}],"up":[{"embeddable":true,"href":"https:\/\/www.alt-ebensee.at\/wp\/index.php?rest_route=\/wp\/v2\/pages\/79"}],"wp:attachment":[{"href":"https:\/\/www.alt-ebensee.at\/wp\/index.php?rest_route=%2Fwp%2Fv2%2Fmedia&parent=87"}],"curies":[{"name":"wp","href":"https:\/\/api.w.org\/{rel}","templated":true}]}}