{"id":83,"date":"2015-04-26T13:07:14","date_gmt":"2015-04-26T12:07:14","guid":{"rendered":"http:\/\/www.alt-ebensee.at\/wp\/?page_id=83"},"modified":"2015-04-26T13:14:06","modified_gmt":"2015-04-26T12:14:06","slug":"der-gloecklerlauf-nach-1900","status":"publish","type":"page","link":"https:\/\/www.alt-ebensee.at\/wp\/?page_id=83","title":{"rendered":"Der Gl\u00f6cklerlauf nach 1900"},"content":{"rendered":"<p>Ab der Jahrhundertwende wurden nicht nur in Ebensee die maskierten &#8222;Gl\u00f6ckelngeher&#8220; immer mehr von den &#8222;Gl\u00f6cklern&#8220; mit ihren Kappen verdr\u00e4ngt. F\u00fcr die rasche Ausbreitung dieses &#8222;neuen&#8220; Brauches in andere Gegenden sorgten u.a. &#8222;ausgewanderte Ebenseer&#8220;. Nach Trieben zum Beispiel wurde das Gl\u00f6cklerlaufen durch den Oberf\u00f6rster des Stiftes Admont\u00a0 Josef Derfler gebracht, der im\u00a0<span style=\"font-size: 9.0pt; font-family: 'Verdana',sans-serif; color: black;\">Jahr 1902 von Ebensee dorthin gezogen war, nach Steinach von Franz Zehentleitner, dem &#8222;Gl\u00f6cklervater&#8220;.<\/span><\/p>\n<p><span style=\"font-size: 9.0pt; font-family: 'Verdana',sans-serif; color: black;\">In Ebensee gab es schon zu Beginn des 20. Jahrhunderts in den meisten Ortschaften (Ebensee, Ober- u. Unterlangbath, Roith, Rindbach, Langwies,&#8230;) schon eine oder mehrere Gl\u00f6cklerpassen.\u00a0 Der Lauf wurde am 5. J\u00e4nner mit Einbruch der Dunkelheit in der jeweiligen Ortschaft gestartet und dauerte etwa eine bis vier Stunden. Die Gl\u00f6cklerkappen waren &#8211; verglichen mit den heutigen &#8211; kleiner und zumeist vom L\u00e4ufer selbst hergestellt. Beim Laufen trug jeder einen Stock und die verwendeten Glocken stammten oftmals vom Vieh der Bauern.<\/span><\/p>\n","protected":false},"excerpt":{"rendered":"<p>Ab der Jahrhundertwende wurden nicht nur in Ebensee die maskierten &#8222;Gl\u00f6ckelngeher&#8220; immer mehr von den &#8222;Gl\u00f6cklern&#8220; mit ihren Kappen verdr\u00e4ngt. F\u00fcr die rasche Ausbreitung dieses &#8222;neuen&#8220; Brauches in andere Gegenden sorgten u.a. &#8222;ausgewanderte Ebenseer&#8220;. Nach Trieben zum Beispiel wurde das Gl\u00f6cklerlaufen durch den Oberf\u00f6rster des Stiftes Admont\u00a0 Josef Derfler gebracht, der im\u00a0Jahr 1902 von Ebensee [&hellip;]<\/p>\n","protected":false},"author":1,"featured_media":0,"parent":79,"menu_order":1,"comment_status":"closed","ping_status":"closed","template":"","meta":{"_mi_skip_tracking":false},"_links":{"self":[{"href":"https:\/\/www.alt-ebensee.at\/wp\/index.php?rest_route=\/wp\/v2\/pages\/83"}],"collection":[{"href":"https:\/\/www.alt-ebensee.at\/wp\/index.php?rest_route=\/wp\/v2\/pages"}],"about":[{"href":"https:\/\/www.alt-ebensee.at\/wp\/index.php?rest_route=\/wp\/v2\/types\/page"}],"author":[{"embeddable":true,"href":"https:\/\/www.alt-ebensee.at\/wp\/index.php?rest_route=\/wp\/v2\/users\/1"}],"replies":[{"embeddable":true,"href":"https:\/\/www.alt-ebensee.at\/wp\/index.php?rest_route=%2Fwp%2Fv2%2Fcomments&post=83"}],"version-history":[{"count":3,"href":"https:\/\/www.alt-ebensee.at\/wp\/index.php?rest_route=\/wp\/v2\/pages\/83\/revisions"}],"predecessor-version":[{"id":97,"href":"https:\/\/www.alt-ebensee.at\/wp\/index.php?rest_route=\/wp\/v2\/pages\/83\/revisions\/97"}],"up":[{"embeddable":true,"href":"https:\/\/www.alt-ebensee.at\/wp\/index.php?rest_route=\/wp\/v2\/pages\/79"}],"wp:attachment":[{"href":"https:\/\/www.alt-ebensee.at\/wp\/index.php?rest_route=%2Fwp%2Fv2%2Fmedia&parent=83"}],"curies":[{"name":"wp","href":"https:\/\/api.w.org\/{rel}","templated":true}]}}