{"id":81,"date":"2015-04-26T13:06:40","date_gmt":"2015-04-26T12:06:40","guid":{"rendered":"http:\/\/www.alt-ebensee.at\/wp\/?page_id=81"},"modified":"2020-01-07T13:21:12","modified_gmt":"2020-01-07T12:21:12","slug":"ursprung-und-wurzeln","status":"publish","type":"page","link":"https:\/\/www.alt-ebensee.at\/wp\/?page_id=81","title":{"rendered":"Ursprung und Wurzeln"},"content":{"rendered":"<p style=\"background: white; margin: 12.0pt 0cm 6.0pt 0cm;\"><span style=\"font-size: 9.0pt; font-family: 'Verdana',sans-serif; color: black;\">Man kann annehmen, dass sich der Gl\u00f6cklerlauf aus mehreren Brauchtumselementen entwickelt hat.<\/span><\/p>\n<p style=\"background: white; margin: 12.0pt 0cm 6.0pt 0cm;\"><span style=\"font-size: 9.0pt; font-family: 'Verdana',sans-serif; color: black;\">Das ist zum einen das &#8222;Gl\u00f6ckeln&#8220; (oder Kl\u00f6ckeln) wie es im Ausseerland und in Neukirchen bei Altm\u00fcnster heute noch \u00fcblich ist. Das Wort &#8222;kl\u00f6ckeln&#8220; stammt von &#8222;klocken&#8220; und bedeutet &#8222;anklopfen&#8220;. Dabei gehen verkleidete Gruppen von Haus zu Haus und klopfen an die T\u00fcren um beschenkt zu werden.\u00a0 Im Laufe der Zeit d\u00fcrften zu diesem Zweck auch Glocken mitgenommen worden sein, wie ein Bericht aus dem Jahre 1898 schildert:<br \/>\n<em><span style=\"font-family: 'Verdana',sans-serif;\">&#8222;Personen, die mit Kuhglocken um den Hals, verkleidet und vermummt am 5. J\u00e4nner von Haus zu Haus zogen und gleich Berchta die fetten Krapfen abverlangten.&#8220;<\/span><\/em><\/span><\/p>\n<p style=\"background: white; margin: 12.0pt 0cm 6.0pt 0cm;\"><span style=\"font-size: 9.0pt; font-family: 'Verdana',sans-serif; color: black;\">Weiters stellen auch die Perchtenl\u00e4ufe des Alpenraumes und das allgemein gepflegte L\u00e4rmbrauchtum, das seinen Ausdruck in den mitunter imposanten Glockenfrachten unserer Gl\u00f6ckler findet, Wurzeln unseres heutigen Gl\u00f6cklerlaufes dar.<\/span><\/p>\n","protected":false},"excerpt":{"rendered":"<p>Man kann annehmen, dass sich der Gl\u00f6cklerlauf aus mehreren Brauchtumselementen entwickelt hat. Das ist zum einen das &#8222;Gl\u00f6ckeln&#8220; (oder Kl\u00f6ckeln) wie es im Ausseerland und in Neukirchen bei Altm\u00fcnster heute noch \u00fcblich ist. Das Wort &#8222;kl\u00f6ckeln&#8220; stammt von &#8222;klocken&#8220; und bedeutet &#8222;anklopfen&#8220;. Dabei gehen verkleidete Gruppen von Haus zu Haus und klopfen an die T\u00fcren [&hellip;]<\/p>\n","protected":false},"author":1,"featured_media":0,"parent":79,"menu_order":0,"comment_status":"closed","ping_status":"closed","template":"","meta":{"_mi_skip_tracking":false},"_links":{"self":[{"href":"https:\/\/www.alt-ebensee.at\/wp\/index.php?rest_route=\/wp\/v2\/pages\/81"}],"collection":[{"href":"https:\/\/www.alt-ebensee.at\/wp\/index.php?rest_route=\/wp\/v2\/pages"}],"about":[{"href":"https:\/\/www.alt-ebensee.at\/wp\/index.php?rest_route=\/wp\/v2\/types\/page"}],"author":[{"embeddable":true,"href":"https:\/\/www.alt-ebensee.at\/wp\/index.php?rest_route=\/wp\/v2\/users\/1"}],"replies":[{"embeddable":true,"href":"https:\/\/www.alt-ebensee.at\/wp\/index.php?rest_route=%2Fwp%2Fv2%2Fcomments&post=81"}],"version-history":[{"count":4,"href":"https:\/\/www.alt-ebensee.at\/wp\/index.php?rest_route=\/wp\/v2\/pages\/81\/revisions"}],"predecessor-version":[{"id":323,"href":"https:\/\/www.alt-ebensee.at\/wp\/index.php?rest_route=\/wp\/v2\/pages\/81\/revisions\/323"}],"up":[{"embeddable":true,"href":"https:\/\/www.alt-ebensee.at\/wp\/index.php?rest_route=\/wp\/v2\/pages\/79"}],"wp:attachment":[{"href":"https:\/\/www.alt-ebensee.at\/wp\/index.php?rest_route=%2Fwp%2Fv2%2Fmedia&parent=81"}],"curies":[{"name":"wp","href":"https:\/\/api.w.org\/{rel}","templated":true}]}}