{"id":79,"date":"2015-04-26T11:56:29","date_gmt":"2015-04-26T10:56:29","guid":{"rendered":"http:\/\/www.alt-ebensee.at\/wp\/?page_id=79"},"modified":"2015-04-26T23:14:33","modified_gmt":"2015-04-26T22:14:33","slug":"geschichte","status":"publish","type":"page","link":"https:\/\/www.alt-ebensee.at\/wp\/?page_id=79","title":{"rendered":"Geschichte"},"content":{"rendered":"<p>Auf den folgenden Seiten wird die Entwicklung und Geschichte des Gl\u00f6cklerlaufes im inneren Salzkammergut beleuchtet.<\/p>\n<p>Ausgehend von Ebensee wird dieser heute in zahlreichen Gemeinden Ober\u00f6sterreichs und der Steiermark ausge\u00fcbt. Die sch\u00f6nsten und traditionsreichsten Kappen bzw. das m\u00e4chtigste Gel\u00e4ut ist jedoch nach wie vor in Ebensee anzutreffen.<\/p>\n<p>&nbsp;<\/p>\n","protected":false},"excerpt":{"rendered":"<p>Auf den folgenden Seiten wird die Entwicklung und Geschichte des Gl\u00f6cklerlaufes im inneren Salzkammergut beleuchtet. Ausgehend von Ebensee wird dieser heute in zahlreichen Gemeinden Ober\u00f6sterreichs und der Steiermark ausge\u00fcbt. Die sch\u00f6nsten und traditionsreichsten Kappen bzw. das m\u00e4chtigste Gel\u00e4ut ist jedoch nach wie vor in Ebensee anzutreffen. &nbsp;<\/p>\n","protected":false},"author":1,"featured_media":0,"parent":0,"menu_order":0,"comment_status":"closed","ping_status":"closed","template":"","meta":{"_mi_skip_tracking":false},"_links":{"self":[{"href":"https:\/\/www.alt-ebensee.at\/wp\/index.php?rest_route=\/wp\/v2\/pages\/79"}],"collection":[{"href":"https:\/\/www.alt-ebensee.at\/wp\/index.php?rest_route=\/wp\/v2\/pages"}],"about":[{"href":"https:\/\/www.alt-ebensee.at\/wp\/index.php?rest_route=\/wp\/v2\/types\/page"}],"author":[{"embeddable":true,"href":"https:\/\/www.alt-ebensee.at\/wp\/index.php?rest_route=\/wp\/v2\/users\/1"}],"replies":[{"embeddable":true,"href":"https:\/\/www.alt-ebensee.at\/wp\/index.php?rest_route=%2Fwp%2Fv2%2Fcomments&post=79"}],"version-history":[{"count":5,"href":"https:\/\/www.alt-ebensee.at\/wp\/index.php?rest_route=\/wp\/v2\/pages\/79\/revisions"}],"predecessor-version":[{"id":200,"href":"https:\/\/www.alt-ebensee.at\/wp\/index.php?rest_route=\/wp\/v2\/pages\/79\/revisions\/200"}],"wp:attachment":[{"href":"https:\/\/www.alt-ebensee.at\/wp\/index.php?rest_route=%2Fwp%2Fv2%2Fmedia&parent=79"}],"curies":[{"name":"wp","href":"https:\/\/api.w.org\/{rel}","templated":true}]}}