{"id":76,"date":"2015-04-26T11:53:16","date_gmt":"2015-04-26T10:53:16","guid":{"rendered":"http:\/\/www.alt-ebensee.at\/wp\/?page_id=76"},"modified":"2015-04-26T23:17:44","modified_gmt":"2015-04-26T22:17:44","slug":"die-laeufer","status":"publish","type":"page","link":"https:\/\/www.alt-ebensee.at\/wp\/?page_id=76","title":{"rendered":"L\u00e4ufer"},"content":{"rendered":"<div id=\"pl-76\"  class=\"panel-layout\" ><div id=\"pg-76-0\"  class=\"panel-grid panel-no-style\" ><div id=\"pgc-76-0-0\"  class=\"panel-grid-cell\" ><div id=\"panel-76-0-0-0\" class=\"so-panel widget widget_black-studio-tinymce widget_black_studio_tinymce panel-first-child panel-last-child\" data-index=\"0\" ><div class=\"textwidget\"><h1 style=\"background: white; margin: 12.0pt 0cm 6.0pt 0cm;\"><span style=\"font-size: 9.0pt; font-family: 'Verdana',sans-serif; color: black;\">Jede Gl\u00f6cklerpasse besteht aus einer unterschiedlichen Anzahl an Mitgliedern unter denen die verschiedenen Aufgaben verteilt sind. Alle L\u00e4ufer Tragen beim Gl\u00f6cklerlauf ein wei\u00dfes Hemd und eine wei\u00dfe Hose. Beim Gl\u00f6cklerlauf wird pro Passe in der Regel eine ungerade Zahl an Kappen mitgenommen.<\/span><\/h1>\n<p>Der Vorl\u00e4ufer hat keine Kappe, daf\u00fcr aber einen Stock um sich Platz zu verschaffen. Zur Unterst\u00fctzung des Vorl\u00e4ufers begleitet der sogenannte \"Spion\" die Gruppe - dieser kundeschaftet den Weg vor den L\u00e4ufern aus.<\/p>\n<p>Die Kappentr\u00e4ger tragen zu den Gl\u00f6cklerkappen auch noch mehrere, an Gurten besfestigte Glocken am R\u00fccken und sorgen somit f\u00fcr das imposante Gel\u00e4ute.<\/p>\n<p>Zur Unterst\u00fctzung verf\u00fcgt jede Passe \u00fcber sogenannte \"Anz\u00fcnder\" welche die Gruppe begleiten und u.a. f\u00fcr das Kerzenwechseln zust\u00e4ndig sind.<\/p>\n<\/div><\/div><\/div><\/div><\/div>","protected":false},"excerpt":{"rendered":"<p>Jede Gl\u00f6cklerpasse besteht aus einer unterschiedlichen Anzahl an Mitgliedern unter denen die verschiedenen Aufgaben verteilt sind. Alle L\u00e4ufer Tragen beim Gl\u00f6cklerlauf ein wei\u00dfes Hemd und eine wei\u00dfe Hose. Beim Gl\u00f6cklerlauf wird pro Passe in der Regel eine ungerade Zahl an Kappen mitgenommen.Der Vorl\u00e4ufer hat keine Kappe, daf\u00fcr aber einen Stock um sich Platz zu verschaffen. [&hellip;]<\/p>\n","protected":false},"author":1,"featured_media":0,"parent":0,"menu_order":0,"comment_status":"closed","ping_status":"closed","template":"","meta":{"_mi_skip_tracking":false},"_links":{"self":[{"href":"https:\/\/www.alt-ebensee.at\/wp\/index.php?rest_route=\/wp\/v2\/pages\/76"}],"collection":[{"href":"https:\/\/www.alt-ebensee.at\/wp\/index.php?rest_route=\/wp\/v2\/pages"}],"about":[{"href":"https:\/\/www.alt-ebensee.at\/wp\/index.php?rest_route=\/wp\/v2\/types\/page"}],"author":[{"embeddable":true,"href":"https:\/\/www.alt-ebensee.at\/wp\/index.php?rest_route=\/wp\/v2\/users\/1"}],"replies":[{"embeddable":true,"href":"https:\/\/www.alt-ebensee.at\/wp\/index.php?rest_route=%2Fwp%2Fv2%2Fcomments&post=76"}],"version-history":[{"count":5,"href":"https:\/\/www.alt-ebensee.at\/wp\/index.php?rest_route=\/wp\/v2\/pages\/76\/revisions"}],"predecessor-version":[{"id":202,"href":"https:\/\/www.alt-ebensee.at\/wp\/index.php?rest_route=\/wp\/v2\/pages\/76\/revisions\/202"}],"wp:attachment":[{"href":"https:\/\/www.alt-ebensee.at\/wp\/index.php?rest_route=%2Fwp%2Fv2%2Fmedia&parent=76"}],"curies":[{"name":"wp","href":"https:\/\/api.w.org\/{rel}","templated":true}]}}