{"id":350,"date":"2023-12-12T14:54:39","date_gmt":"2023-12-12T13:54:39","guid":{"rendered":"https:\/\/www.alt-ebensee.at\/wp\/?page_id=350"},"modified":"2024-01-07T13:00:57","modified_gmt":"2024-01-07T12:00:57","slug":"50-jahre-gloeckler-alt-ebensee","status":"publish","type":"page","link":"https:\/\/www.alt-ebensee.at\/wp\/","title":{"rendered":"50 Jahre Gl\u00f6ckler Alt-Ebensee"},"content":{"rendered":"\n<p style=\"font-size:22px\"><strong>Die Alt-Ebensee&#8217;r Gl\u00f6ckler nahmen 2024 zum 50. Mal beim Gl\u00f6ckerlauf in Ebensee teil. <\/strong><\/p>\n\n\n\n<figure class=\"wp-block-embed aligncenter is-type-video is-provider-youtube wp-block-embed-youtube wp-embed-aspect-16-9 wp-has-aspect-ratio\"><div class=\"wp-block-embed__wrapper\">\n<iframe loading=\"lazy\" title=\"EBENSEE  -  Gl\u00f6cklerlauf - 50 Jahre  Gl\u00f6cklergruppe \u00b4ALT EBENSEE\u00b4 2024\" width=\"904\" height=\"509\" src=\"https:\/\/www.youtube.com\/embed\/CbvApzCEeIs?feature=oembed\" frameborder=\"0\" allow=\"accelerometer; autoplay; clipboard-write; encrypted-media; gyroscope; picture-in-picture; web-share\" allowfullscreen><\/iframe>\n<\/div><\/figure>\n\n\n\n<figure class=\"wp-block-gallery columns-3 is-cropped\"><ul class=\"blocks-gallery-grid\"><li class=\"blocks-gallery-item\"><figure><img loading=\"lazy\" width=\"752\" height=\"732\" src=\"https:\/\/www.alt-ebensee.at\/wp\/wp-content\/uploads\/2024\/01\/50-Jahre-Jubilaeumskappe1.jpg\" alt=\"\" data-id=\"417\" class=\"wp-image-417\" srcset=\"https:\/\/www.alt-ebensee.at\/wp\/wp-content\/uploads\/2024\/01\/50-Jahre-Jubilaeumskappe1.jpg 752w, https:\/\/www.alt-ebensee.at\/wp\/wp-content\/uploads\/2024\/01\/50-Jahre-Jubilaeumskappe1-300x292.jpg 300w\" sizes=\"(max-width: 752px) 100vw, 752px\" \/><\/figure><\/li><li class=\"blocks-gallery-item\"><figure><img loading=\"lazy\" width=\"1599\" height=\"899\" src=\"https:\/\/www.alt-ebensee.at\/wp\/wp-content\/uploads\/2024\/01\/2024_1.jpg\" alt=\"\" data-id=\"420\" data-full-url=\"https:\/\/www.alt-ebensee.at\/wp\/wp-content\/uploads\/2024\/01\/2024_1.jpg\" data-link=\"https:\/\/www.alt-ebensee.at\/wp\/?attachment_id=420\" class=\"wp-image-420\" srcset=\"https:\/\/www.alt-ebensee.at\/wp\/wp-content\/uploads\/2024\/01\/2024_1.jpg 1599w, https:\/\/www.alt-ebensee.at\/wp\/wp-content\/uploads\/2024\/01\/2024_1-300x169.jpg 300w, https:\/\/www.alt-ebensee.at\/wp\/wp-content\/uploads\/2024\/01\/2024_1-1024x576.jpg 1024w, https:\/\/www.alt-ebensee.at\/wp\/wp-content\/uploads\/2024\/01\/2024_1-768x432.jpg 768w, https:\/\/www.alt-ebensee.at\/wp\/wp-content\/uploads\/2024\/01\/2024_1-1536x864.jpg 1536w, https:\/\/www.alt-ebensee.at\/wp\/wp-content\/uploads\/2024\/01\/2024_1-904x508.jpg 904w\" sizes=\"(max-width: 1599px) 100vw, 1599px\" \/><\/figure><\/li><li class=\"blocks-gallery-item\"><figure><img loading=\"lazy\" width=\"1599\" height=\"899\" src=\"https:\/\/www.alt-ebensee.at\/wp\/wp-content\/uploads\/2024\/01\/2024_1-1.jpg\" alt=\"\" data-id=\"421\" data-full-url=\"https:\/\/www.alt-ebensee.at\/wp\/wp-content\/uploads\/2024\/01\/2024_1-1.jpg\" data-link=\"https:\/\/www.alt-ebensee.at\/wp\/?attachment_id=421\" class=\"wp-image-421\" srcset=\"https:\/\/www.alt-ebensee.at\/wp\/wp-content\/uploads\/2024\/01\/2024_1-1.jpg 1599w, https:\/\/www.alt-ebensee.at\/wp\/wp-content\/uploads\/2024\/01\/2024_1-1-300x169.jpg 300w, https:\/\/www.alt-ebensee.at\/wp\/wp-content\/uploads\/2024\/01\/2024_1-1-1024x576.jpg 1024w, https:\/\/www.alt-ebensee.at\/wp\/wp-content\/uploads\/2024\/01\/2024_1-1-768x432.jpg 768w, https:\/\/www.alt-ebensee.at\/wp\/wp-content\/uploads\/2024\/01\/2024_1-1-1536x864.jpg 1536w, https:\/\/www.alt-ebensee.at\/wp\/wp-content\/uploads\/2024\/01\/2024_1-1-904x508.jpg 904w\" sizes=\"(max-width: 1599px) 100vw, 1599px\" \/><\/figure><\/li><li class=\"blocks-gallery-item\"><figure><img loading=\"lazy\" width=\"1599\" height=\"899\" src=\"https:\/\/www.alt-ebensee.at\/wp\/wp-content\/uploads\/2024\/01\/2024_1-2.jpg\" alt=\"\" data-id=\"422\" data-full-url=\"https:\/\/www.alt-ebensee.at\/wp\/wp-content\/uploads\/2024\/01\/2024_1-2.jpg\" data-link=\"https:\/\/www.alt-ebensee.at\/wp\/?attachment_id=422\" class=\"wp-image-422\" srcset=\"https:\/\/www.alt-ebensee.at\/wp\/wp-content\/uploads\/2024\/01\/2024_1-2.jpg 1599w, https:\/\/www.alt-ebensee.at\/wp\/wp-content\/uploads\/2024\/01\/2024_1-2-300x169.jpg 300w, https:\/\/www.alt-ebensee.at\/wp\/wp-content\/uploads\/2024\/01\/2024_1-2-1024x576.jpg 1024w, https:\/\/www.alt-ebensee.at\/wp\/wp-content\/uploads\/2024\/01\/2024_1-2-768x432.jpg 768w, https:\/\/www.alt-ebensee.at\/wp\/wp-content\/uploads\/2024\/01\/2024_1-2-1536x864.jpg 1536w, https:\/\/www.alt-ebensee.at\/wp\/wp-content\/uploads\/2024\/01\/2024_1-2-904x508.jpg 904w\" sizes=\"(max-width: 1599px) 100vw, 1599px\" \/><\/figure><\/li><li class=\"blocks-gallery-item\"><figure><img loading=\"lazy\" width=\"1599\" height=\"899\" src=\"https:\/\/www.alt-ebensee.at\/wp\/wp-content\/uploads\/2024\/01\/2024_1-3.jpg\" alt=\"\" data-id=\"423\" data-full-url=\"https:\/\/www.alt-ebensee.at\/wp\/wp-content\/uploads\/2024\/01\/2024_1-3.jpg\" data-link=\"https:\/\/www.alt-ebensee.at\/wp\/?attachment_id=423\" class=\"wp-image-423\" srcset=\"https:\/\/www.alt-ebensee.at\/wp\/wp-content\/uploads\/2024\/01\/2024_1-3.jpg 1599w, https:\/\/www.alt-ebensee.at\/wp\/wp-content\/uploads\/2024\/01\/2024_1-3-300x169.jpg 300w, https:\/\/www.alt-ebensee.at\/wp\/wp-content\/uploads\/2024\/01\/2024_1-3-1024x576.jpg 1024w, https:\/\/www.alt-ebensee.at\/wp\/wp-content\/uploads\/2024\/01\/2024_1-3-768x432.jpg 768w, https:\/\/www.alt-ebensee.at\/wp\/wp-content\/uploads\/2024\/01\/2024_1-3-1536x864.jpg 1536w, https:\/\/www.alt-ebensee.at\/wp\/wp-content\/uploads\/2024\/01\/2024_1-3-904x508.jpg 904w\" sizes=\"(max-width: 1599px) 100vw, 1599px\" \/><\/figure><\/li><li class=\"blocks-gallery-item\"><figure><img loading=\"lazy\" width=\"1599\" height=\"899\" src=\"https:\/\/www.alt-ebensee.at\/wp\/wp-content\/uploads\/2024\/01\/2024_1-3-1.jpg\" alt=\"\" data-id=\"424\" data-full-url=\"https:\/\/www.alt-ebensee.at\/wp\/wp-content\/uploads\/2024\/01\/2024_1-3-1.jpg\" data-link=\"https:\/\/www.alt-ebensee.at\/wp\/?attachment_id=424\" class=\"wp-image-424\" srcset=\"https:\/\/www.alt-ebensee.at\/wp\/wp-content\/uploads\/2024\/01\/2024_1-3-1.jpg 1599w, https:\/\/www.alt-ebensee.at\/wp\/wp-content\/uploads\/2024\/01\/2024_1-3-1-300x169.jpg 300w, https:\/\/www.alt-ebensee.at\/wp\/wp-content\/uploads\/2024\/01\/2024_1-3-1-1024x576.jpg 1024w, https:\/\/www.alt-ebensee.at\/wp\/wp-content\/uploads\/2024\/01\/2024_1-3-1-768x432.jpg 768w, https:\/\/www.alt-ebensee.at\/wp\/wp-content\/uploads\/2024\/01\/2024_1-3-1-1536x864.jpg 1536w, https:\/\/www.alt-ebensee.at\/wp\/wp-content\/uploads\/2024\/01\/2024_1-3-1-904x508.jpg 904w\" sizes=\"(max-width: 1599px) 100vw, 1599px\" \/><\/figure><\/li><li class=\"blocks-gallery-item\"><figure><img loading=\"lazy\" width=\"1599\" height=\"899\" src=\"https:\/\/www.alt-ebensee.at\/wp\/wp-content\/uploads\/2024\/01\/2024_1-4.jpg\" alt=\"\" data-id=\"425\" data-full-url=\"https:\/\/www.alt-ebensee.at\/wp\/wp-content\/uploads\/2024\/01\/2024_1-4.jpg\" data-link=\"https:\/\/www.alt-ebensee.at\/wp\/?attachment_id=425\" class=\"wp-image-425\" srcset=\"https:\/\/www.alt-ebensee.at\/wp\/wp-content\/uploads\/2024\/01\/2024_1-4.jpg 1599w, https:\/\/www.alt-ebensee.at\/wp\/wp-content\/uploads\/2024\/01\/2024_1-4-300x169.jpg 300w, https:\/\/www.alt-ebensee.at\/wp\/wp-content\/uploads\/2024\/01\/2024_1-4-1024x576.jpg 1024w, https:\/\/www.alt-ebensee.at\/wp\/wp-content\/uploads\/2024\/01\/2024_1-4-768x432.jpg 768w, https:\/\/www.alt-ebensee.at\/wp\/wp-content\/uploads\/2024\/01\/2024_1-4-1536x864.jpg 1536w, https:\/\/www.alt-ebensee.at\/wp\/wp-content\/uploads\/2024\/01\/2024_1-4-904x508.jpg 904w\" sizes=\"(max-width: 1599px) 100vw, 1599px\" \/><\/figure><\/li><li class=\"blocks-gallery-item\"><figure><img loading=\"lazy\" width=\"1599\" height=\"899\" src=\"https:\/\/www.alt-ebensee.at\/wp\/wp-content\/uploads\/2024\/01\/2024_1-5.jpg\" alt=\"\" data-id=\"426\" data-full-url=\"https:\/\/www.alt-ebensee.at\/wp\/wp-content\/uploads\/2024\/01\/2024_1-5.jpg\" data-link=\"https:\/\/www.alt-ebensee.at\/wp\/?attachment_id=426\" class=\"wp-image-426\" srcset=\"https:\/\/www.alt-ebensee.at\/wp\/wp-content\/uploads\/2024\/01\/2024_1-5.jpg 1599w, https:\/\/www.alt-ebensee.at\/wp\/wp-content\/uploads\/2024\/01\/2024_1-5-300x169.jpg 300w, https:\/\/www.alt-ebensee.at\/wp\/wp-content\/uploads\/2024\/01\/2024_1-5-1024x576.jpg 1024w, https:\/\/www.alt-ebensee.at\/wp\/wp-content\/uploads\/2024\/01\/2024_1-5-768x432.jpg 768w, https:\/\/www.alt-ebensee.at\/wp\/wp-content\/uploads\/2024\/01\/2024_1-5-1536x864.jpg 1536w, https:\/\/www.alt-ebensee.at\/wp\/wp-content\/uploads\/2024\/01\/2024_1-5-904x508.jpg 904w\" sizes=\"(max-width: 1599px) 100vw, 1599px\" \/><\/figure><\/li><li class=\"blocks-gallery-item\"><figure><img loading=\"lazy\" width=\"1599\" height=\"899\" src=\"https:\/\/www.alt-ebensee.at\/wp\/wp-content\/uploads\/2024\/01\/2024_2.jpg\" alt=\"\" data-id=\"427\" data-full-url=\"https:\/\/www.alt-ebensee.at\/wp\/wp-content\/uploads\/2024\/01\/2024_2.jpg\" data-link=\"https:\/\/www.alt-ebensee.at\/wp\/?attachment_id=427\" class=\"wp-image-427\" srcset=\"https:\/\/www.alt-ebensee.at\/wp\/wp-content\/uploads\/2024\/01\/2024_2.jpg 1599w, https:\/\/www.alt-ebensee.at\/wp\/wp-content\/uploads\/2024\/01\/2024_2-300x169.jpg 300w, https:\/\/www.alt-ebensee.at\/wp\/wp-content\/uploads\/2024\/01\/2024_2-1024x576.jpg 1024w, https:\/\/www.alt-ebensee.at\/wp\/wp-content\/uploads\/2024\/01\/2024_2-768x432.jpg 768w, https:\/\/www.alt-ebensee.at\/wp\/wp-content\/uploads\/2024\/01\/2024_2-1536x864.jpg 1536w, https:\/\/www.alt-ebensee.at\/wp\/wp-content\/uploads\/2024\/01\/2024_2-904x508.jpg 904w\" sizes=\"(max-width: 1599px) 100vw, 1599px\" \/><\/figure><\/li><li class=\"blocks-gallery-item\"><figure><img loading=\"lazy\" width=\"1599\" height=\"899\" src=\"https:\/\/www.alt-ebensee.at\/wp\/wp-content\/uploads\/2024\/01\/2024_2-1.jpg\" alt=\"\" data-id=\"428\" data-full-url=\"https:\/\/www.alt-ebensee.at\/wp\/wp-content\/uploads\/2024\/01\/2024_2-1.jpg\" data-link=\"https:\/\/www.alt-ebensee.at\/wp\/?attachment_id=428\" class=\"wp-image-428\" srcset=\"https:\/\/www.alt-ebensee.at\/wp\/wp-content\/uploads\/2024\/01\/2024_2-1.jpg 1599w, https:\/\/www.alt-ebensee.at\/wp\/wp-content\/uploads\/2024\/01\/2024_2-1-300x169.jpg 300w, https:\/\/www.alt-ebensee.at\/wp\/wp-content\/uploads\/2024\/01\/2024_2-1-1024x576.jpg 1024w, https:\/\/www.alt-ebensee.at\/wp\/wp-content\/uploads\/2024\/01\/2024_2-1-768x432.jpg 768w, https:\/\/www.alt-ebensee.at\/wp\/wp-content\/uploads\/2024\/01\/2024_2-1-1536x864.jpg 1536w, https:\/\/www.alt-ebensee.at\/wp\/wp-content\/uploads\/2024\/01\/2024_2-1-904x508.jpg 904w\" sizes=\"(max-width: 1599px) 100vw, 1599px\" \/><\/figure><\/li><li class=\"blocks-gallery-item\"><figure><img loading=\"lazy\" width=\"1599\" height=\"899\" src=\"https:\/\/www.alt-ebensee.at\/wp\/wp-content\/uploads\/2024\/01\/2024_2-2.jpg\" alt=\"\" data-id=\"429\" data-full-url=\"https:\/\/www.alt-ebensee.at\/wp\/wp-content\/uploads\/2024\/01\/2024_2-2.jpg\" data-link=\"https:\/\/www.alt-ebensee.at\/wp\/?attachment_id=429\" class=\"wp-image-429\" srcset=\"https:\/\/www.alt-ebensee.at\/wp\/wp-content\/uploads\/2024\/01\/2024_2-2.jpg 1599w, https:\/\/www.alt-ebensee.at\/wp\/wp-content\/uploads\/2024\/01\/2024_2-2-300x169.jpg 300w, https:\/\/www.alt-ebensee.at\/wp\/wp-content\/uploads\/2024\/01\/2024_2-2-1024x576.jpg 1024w, https:\/\/www.alt-ebensee.at\/wp\/wp-content\/uploads\/2024\/01\/2024_2-2-768x432.jpg 768w, https:\/\/www.alt-ebensee.at\/wp\/wp-content\/uploads\/2024\/01\/2024_2-2-1536x864.jpg 1536w, https:\/\/www.alt-ebensee.at\/wp\/wp-content\/uploads\/2024\/01\/2024_2-2-904x508.jpg 904w\" sizes=\"(max-width: 1599px) 100vw, 1599px\" \/><\/figure><\/li><li class=\"blocks-gallery-item\"><figure><img loading=\"lazy\" width=\"1599\" height=\"899\" src=\"https:\/\/www.alt-ebensee.at\/wp\/wp-content\/uploads\/2024\/01\/2024_3.jpg\" alt=\"\" data-id=\"430\" data-full-url=\"https:\/\/www.alt-ebensee.at\/wp\/wp-content\/uploads\/2024\/01\/2024_3.jpg\" data-link=\"https:\/\/www.alt-ebensee.at\/wp\/?attachment_id=430\" class=\"wp-image-430\" srcset=\"https:\/\/www.alt-ebensee.at\/wp\/wp-content\/uploads\/2024\/01\/2024_3.jpg 1599w, https:\/\/www.alt-ebensee.at\/wp\/wp-content\/uploads\/2024\/01\/2024_3-300x169.jpg 300w, https:\/\/www.alt-ebensee.at\/wp\/wp-content\/uploads\/2024\/01\/2024_3-1024x576.jpg 1024w, https:\/\/www.alt-ebensee.at\/wp\/wp-content\/uploads\/2024\/01\/2024_3-768x432.jpg 768w, https:\/\/www.alt-ebensee.at\/wp\/wp-content\/uploads\/2024\/01\/2024_3-1536x864.jpg 1536w, https:\/\/www.alt-ebensee.at\/wp\/wp-content\/uploads\/2024\/01\/2024_3-904x508.jpg 904w\" sizes=\"(max-width: 1599px) 100vw, 1599px\" \/><\/figure><\/li><li class=\"blocks-gallery-item\"><figure><img loading=\"lazy\" width=\"1599\" height=\"899\" src=\"https:\/\/www.alt-ebensee.at\/wp\/wp-content\/uploads\/2024\/01\/2024_3-1.jpg\" alt=\"\" data-id=\"431\" data-full-url=\"https:\/\/www.alt-ebensee.at\/wp\/wp-content\/uploads\/2024\/01\/2024_3-1.jpg\" data-link=\"https:\/\/www.alt-ebensee.at\/wp\/?attachment_id=431\" class=\"wp-image-431\" srcset=\"https:\/\/www.alt-ebensee.at\/wp\/wp-content\/uploads\/2024\/01\/2024_3-1.jpg 1599w, https:\/\/www.alt-ebensee.at\/wp\/wp-content\/uploads\/2024\/01\/2024_3-1-300x169.jpg 300w, https:\/\/www.alt-ebensee.at\/wp\/wp-content\/uploads\/2024\/01\/2024_3-1-1024x576.jpg 1024w, https:\/\/www.alt-ebensee.at\/wp\/wp-content\/uploads\/2024\/01\/2024_3-1-768x432.jpg 768w, https:\/\/www.alt-ebensee.at\/wp\/wp-content\/uploads\/2024\/01\/2024_3-1-1536x864.jpg 1536w, https:\/\/www.alt-ebensee.at\/wp\/wp-content\/uploads\/2024\/01\/2024_3-1-904x508.jpg 904w\" sizes=\"(max-width: 1599px) 100vw, 1599px\" \/><\/figure><\/li><li class=\"blocks-gallery-item\"><figure><img loading=\"lazy\" width=\"1599\" height=\"899\" src=\"https:\/\/www.alt-ebensee.at\/wp\/wp-content\/uploads\/2024\/01\/2024_4.jpg\" alt=\"\" data-id=\"432\" data-full-url=\"https:\/\/www.alt-ebensee.at\/wp\/wp-content\/uploads\/2024\/01\/2024_4.jpg\" data-link=\"https:\/\/www.alt-ebensee.at\/wp\/?attachment_id=432\" class=\"wp-image-432\" srcset=\"https:\/\/www.alt-ebensee.at\/wp\/wp-content\/uploads\/2024\/01\/2024_4.jpg 1599w, https:\/\/www.alt-ebensee.at\/wp\/wp-content\/uploads\/2024\/01\/2024_4-300x169.jpg 300w, https:\/\/www.alt-ebensee.at\/wp\/wp-content\/uploads\/2024\/01\/2024_4-1024x576.jpg 1024w, https:\/\/www.alt-ebensee.at\/wp\/wp-content\/uploads\/2024\/01\/2024_4-768x432.jpg 768w, https:\/\/www.alt-ebensee.at\/wp\/wp-content\/uploads\/2024\/01\/2024_4-1536x864.jpg 1536w, https:\/\/www.alt-ebensee.at\/wp\/wp-content\/uploads\/2024\/01\/2024_4-904x508.jpg 904w\" sizes=\"(max-width: 1599px) 100vw, 1599px\" \/><\/figure><\/li><\/ul><figcaption class=\"blocks-gallery-caption\">Impressionen vom Jubil\u00e4ums-Lauf<\/figcaption><\/figure>\n\n\n\n<h2>Dieses besondere Jubil\u00e4um wurde im Vorfeld durch verschiedene Aktivit\u00e4ten unterstrichen.<\/h2>\n\n\n\n<div class=\"wp-block-columns\">\n<div class=\"wp-block-column\">\n<p>Eine Jubil\u00e4ums-Feier der L\u00e4ufer beim Stahelsch\u00fctzen Verein Tiroler H\u00e4usl &#8211; inklusive kunstvoll gestalteter Jubil\u00e4ums-Scheibe: <\/p>\n\n\n\n<figure class=\"wp-block-image size-medium is-resized is-style-default\"><img loading=\"lazy\" src=\"https:\/\/www.alt-ebensee.at\/wp\/wp-content\/uploads\/2023\/12\/Jubilaeumsscheibe_sm-300x287.jpg\" alt=\"Jubil\u00e4ums-Scheibe\" class=\"wp-image-351\" width=\"401\" height=\"384\" srcset=\"https:\/\/www.alt-ebensee.at\/wp\/wp-content\/uploads\/2023\/12\/Jubilaeumsscheibe_sm-300x287.jpg 300w, https:\/\/www.alt-ebensee.at\/wp\/wp-content\/uploads\/2023\/12\/Jubilaeumsscheibe_sm.jpg 614w\" sizes=\"(max-width: 401px) 100vw, 401px\" \/><figcaption>Jubil\u00e4ums-Scheibe<\/figcaption><\/figure>\n<\/div>\n\n\n\n<div class=\"wp-block-column\">\n<p>Im Europa-Parlament in Br\u00fcssel wurde eine Kappe der Alt-Ebensee&#8217;r Gl\u00f6ckler ausgestellt:                         <\/p>\n\n\n\n<figure class=\"wp-block-image size-medium is-resized is-style-default\"><img loading=\"lazy\" src=\"https:\/\/www.alt-ebensee.at\/wp\/wp-content\/uploads\/2023\/12\/Kappe-Bruessel_sm-244x300.jpg\" alt=\"\" class=\"wp-image-352\" width=\"311\" height=\"382\" srcset=\"https:\/\/www.alt-ebensee.at\/wp\/wp-content\/uploads\/2023\/12\/Kappe-Bruessel_sm-244x300.jpg 244w, https:\/\/www.alt-ebensee.at\/wp\/wp-content\/uploads\/2023\/12\/Kappe-Bruessel_sm.jpg 475w\" sizes=\"(max-width: 311px) 100vw, 311px\" \/><figcaption>Gl\u00f6cklerkappe im Europa-Parlament<\/figcaption><\/figure>\n\n\n\n<p><a rel=\"noreferrer noopener\" href=\"https:\/\/www.nachrichten.at\/oberoesterreich\/salzkammergut\/im-europaeischen-parlament-steht-eine-ebenseer-gloecklerkappe;art71,3901707\" target=\"_blank\">Zeitungsartikel der O\u00d6 Nachrichten!<\/a><\/p>\n<\/div>\n<\/div>\n\n\n\n<hr class=\"wp-block-separator\"\/>\n\n\n\n<p class=\"has-text-align-center has-medium-font-size\"><strong>Der Gl\u00f6cklerlauf findet allj\u00e4hrlich am 5. J\u00e4nner um 18:00 Uhr in Ebensee statt!<\/strong><\/p>\n\n\n\n<p class=\"has-text-align-center has-medium-font-size\"><strong>Die Gl\u00f6ckler-Kappen-Ausstellung findet am 5. J\u00e4nner von 10:00 bis 16:30<br>im Rathaussaal in Ebensee statt.<\/strong><\/p>\n","protected":false},"excerpt":{"rendered":"<p>Die Alt-Ebensee&#8217;r Gl\u00f6ckler nahmen 2024 zum 50. Mal beim Gl\u00f6ckerlauf in Ebensee teil. Dieses besondere Jubil\u00e4um wurde im Vorfeld durch verschiedene Aktivit\u00e4ten unterstrichen. Eine Jubil\u00e4ums-Feier der L\u00e4ufer beim Stahelsch\u00fctzen Verein Tiroler H\u00e4usl &#8211; inklusive kunstvoll gestalteter Jubil\u00e4ums-Scheibe: Im Europa-Parlament in Br\u00fcssel wurde eine Kappe der Alt-Ebensee&#8217;r Gl\u00f6ckler ausgestellt: Zeitungsartikel der O\u00d6 Nachrichten! Der Gl\u00f6cklerlauf findet [&hellip;]<\/p>\n","protected":false},"author":1,"featured_media":0,"parent":0,"menu_order":0,"comment_status":"closed","ping_status":"closed","template":"","meta":{"_mi_skip_tracking":false},"_links":{"self":[{"href":"https:\/\/www.alt-ebensee.at\/wp\/index.php?rest_route=\/wp\/v2\/pages\/350"}],"collection":[{"href":"https:\/\/www.alt-ebensee.at\/wp\/index.php?rest_route=\/wp\/v2\/pages"}],"about":[{"href":"https:\/\/www.alt-ebensee.at\/wp\/index.php?rest_route=\/wp\/v2\/types\/page"}],"author":[{"embeddable":true,"href":"https:\/\/www.alt-ebensee.at\/wp\/index.php?rest_route=\/wp\/v2\/users\/1"}],"replies":[{"embeddable":true,"href":"https:\/\/www.alt-ebensee.at\/wp\/index.php?rest_route=%2Fwp%2Fv2%2Fcomments&post=350"}],"version-history":[{"count":31,"href":"https:\/\/www.alt-ebensee.at\/wp\/index.php?rest_route=\/wp\/v2\/pages\/350\/revisions"}],"predecessor-version":[{"id":450,"href":"https:\/\/www.alt-ebensee.at\/wp\/index.php?rest_route=\/wp\/v2\/pages\/350\/revisions\/450"}],"wp:attachment":[{"href":"https:\/\/www.alt-ebensee.at\/wp\/index.php?rest_route=%2Fwp%2Fv2%2Fmedia&parent=350"}],"curies":[{"name":"wp","href":"https:\/\/api.w.org\/{rel}","templated":true}]}}