{"id":19,"date":"2015-04-25T15:23:58","date_gmt":"2015-04-25T14:23:58","guid":{"rendered":"http:\/\/www.alt-ebensee.at\/wp\/?page_id=19"},"modified":"2015-04-26T13:56:15","modified_gmt":"2015-04-26T12:56:15","slug":"die-kappen","status":"publish","type":"page","link":"https:\/\/www.alt-ebensee.at\/wp\/?page_id=19","title":{"rendered":"Kappen"},"content":{"rendered":"<div id=\"pl-19\"  class=\"panel-layout\" ><div id=\"pg-19-0\"  class=\"panel-grid panel-no-style\" ><div id=\"pgc-19-0-0\"  class=\"panel-grid-cell\" ><div id=\"panel-19-0-0-0\" class=\"so-panel widget widget_black-studio-tinymce widget_black_studio_tinymce panel-first-child\" data-index=\"0\" ><div class=\"textwidget\"><p>Die Gl\u00f6cklerkappe besteht aus einem Holzger\u00fcst aus d\u00fcnnen St\u00e4ben, welches mit schwarzem Tonpapier \u00fcberzogen wird. Aus diesem \"\u00dcberzug\" wiederum sind Motive herausgeschnitten oder gestanzt und mit buntem Papier hinterklebt. Die Kanten der Kappen werden mit wei\u00dfen Fransen versehen.<\/p>\n<p>Fr\u00fcher wurde anstelle des Tonpapiers Karton verwendet, wie die \u00e4lteste noch erhaltene Gl\u00f6cklerkappe (ausgestellt im Heimatmuseum Ebensee) aus dem Jahre 1906 beweist.<\/p>\n<\/div><\/div><div id=\"panel-19-0-0-1\" class=\"so-panel widget widget_sow-image panel-last-child\" data-index=\"1\" ><div\n\t\t\t\n\t\t\tclass=\"so-widget-sow-image so-widget-sow-image-default-8b5b6f678277-19\"\n\t\t\t\n\t\t>\n\n<div class=\"sow-image-container\">\n\t\t<img src=\"https:\/\/www.alt-ebensee.at\/wp\/wp-content\/uploads\/2015\/04\/img01.jpg\" width=\"640\" height=\"480\" srcset=\"https:\/\/www.alt-ebensee.at\/wp\/wp-content\/uploads\/2015\/04\/img01.jpg 640w, https:\/\/www.alt-ebensee.at\/wp\/wp-content\/uploads\/2015\/04\/img01-300x225.jpg 300w\" sizes=\"(max-width: 640px) 100vw, 640px\" title=\"Hauptmotiv\" alt=\"\" loading=\"lazy\" \t\tclass=\"so-widget-image\"\/>\n\t<\/div>\n\n<\/div><\/div><\/div><div id=\"pgc-19-0-1\"  class=\"panel-grid-cell\" ><div id=\"panel-19-0-1-0\" class=\"so-panel widget widget_sow-image panel-first-child\" data-index=\"2\" ><div\n\t\t\t\n\t\t\tclass=\"so-widget-sow-image so-widget-sow-image-default-8b5b6f678277-19\"\n\t\t\t\n\t\t>\n\n<div class=\"sow-image-container\">\n\t\t<img src=\"https:\/\/www.alt-ebensee.at\/wp\/wp-content\/uploads\/2015\/04\/img00.jpg\" width=\"640\" height=\"480\" srcset=\"https:\/\/www.alt-ebensee.at\/wp\/wp-content\/uploads\/2015\/04\/img00.jpg 640w, https:\/\/www.alt-ebensee.at\/wp\/wp-content\/uploads\/2015\/04\/img00-300x225.jpg 300w\" sizes=\"(max-width: 640px) 100vw, 640px\" title=\"Ger\u00fcst\" alt=\"\" loading=\"lazy\" \t\tclass=\"so-widget-image\"\/>\n\t<\/div>\n\n<\/div><\/div><div id=\"panel-19-0-1-1\" class=\"so-panel widget widget_sow-image panel-last-child\" data-index=\"3\" ><div\n\t\t\t\n\t\t\tclass=\"so-widget-sow-image so-widget-sow-image-default-8b5b6f678277-19\"\n\t\t\t\n\t\t>\n\n<div class=\"sow-image-container\">\n\t\t<img src=\"https:\/\/www.alt-ebensee.at\/wp\/wp-content\/uploads\/2015\/04\/img02.jpg\" width=\"640\" height=\"480\" srcset=\"https:\/\/www.alt-ebensee.at\/wp\/wp-content\/uploads\/2015\/04\/img02.jpg 640w, https:\/\/www.alt-ebensee.at\/wp\/wp-content\/uploads\/2015\/04\/img02-300x225.jpg 300w\" sizes=\"(max-width: 640px) 100vw, 640px\" title=\"Detail\" alt=\"\" loading=\"lazy\" \t\tclass=\"so-widget-image\"\/>\n\t<\/div>\n\n<\/div><\/div><\/div><\/div><\/div>","protected":false},"excerpt":{"rendered":"<p>Die Gl\u00f6cklerkappe besteht aus einem Holzger\u00fcst aus d\u00fcnnen St\u00e4ben, welches mit schwarzem Tonpapier \u00fcberzogen wird. Aus diesem &#8222;\u00dcberzug&#8220; wiederum sind Motive herausgeschnitten oder gestanzt und mit buntem Papier hinterklebt. Die Kanten der Kappen werden mit wei\u00dfen Fransen versehen.Fr\u00fcher wurde anstelle des Tonpapiers Karton verwendet, wie die \u00e4lteste noch erhaltene Gl\u00f6cklerkappe (ausgestellt im Heimatmuseum Ebensee) aus [&hellip;]<\/p>\n","protected":false},"author":1,"featured_media":0,"parent":0,"menu_order":0,"comment_status":"closed","ping_status":"closed","template":"","meta":{"_mi_skip_tracking":false},"_links":{"self":[{"href":"https:\/\/www.alt-ebensee.at\/wp\/index.php?rest_route=\/wp\/v2\/pages\/19"}],"collection":[{"href":"https:\/\/www.alt-ebensee.at\/wp\/index.php?rest_route=\/wp\/v2\/pages"}],"about":[{"href":"https:\/\/www.alt-ebensee.at\/wp\/index.php?rest_route=\/wp\/v2\/types\/page"}],"author":[{"embeddable":true,"href":"https:\/\/www.alt-ebensee.at\/wp\/index.php?rest_route=\/wp\/v2\/users\/1"}],"replies":[{"embeddable":true,"href":"https:\/\/www.alt-ebensee.at\/wp\/index.php?rest_route=%2Fwp%2Fv2%2Fcomments&post=19"}],"version-history":[{"count":11,"href":"https:\/\/www.alt-ebensee.at\/wp\/index.php?rest_route=\/wp\/v2\/pages\/19\/revisions"}],"predecessor-version":[{"id":21,"href":"https:\/\/www.alt-ebensee.at\/wp\/index.php?rest_route=\/wp\/v2\/pages\/19\/revisions\/21"}],"wp:attachment":[{"href":"https:\/\/www.alt-ebensee.at\/wp\/index.php?rest_route=%2Fwp%2Fv2%2Fmedia&parent=19"}],"curies":[{"name":"wp","href":"https:\/\/api.w.org\/{rel}","templated":true}]}}