{"id":17,"date":"2015-04-25T15:23:38","date_gmt":"2015-04-25T14:23:38","guid":{"rendered":"http:\/\/www.alt-ebensee.at\/wp\/?page_id=17"},"modified":"2015-04-26T11:40:17","modified_gmt":"2015-04-26T10:40:17","slug":"die-gloeckler","status":"publish","type":"page","link":"https:\/\/www.alt-ebensee.at\/wp\/?page_id=17","title":{"rendered":"Die Gl\u00f6ckler"},"content":{"rendered":"<div id=\"pl-17\"  class=\"panel-layout\" ><div id=\"pg-17-0\"  class=\"panel-grid panel-has-style\" ><div class=\"siteorigin-panels-stretch panel-row-style panel-row-style-for-17-0\" data-stretch-type=\"full\" ><div id=\"pgc-17-0-0\"  class=\"panel-grid-cell\" ><div id=\"panel-17-0-0-0\" class=\"so-panel widget widget_black-studio-tinymce widget_black_studio_tinymce panel-first-child\" data-index=\"0\" ><div class=\"textwidget\"><p>Das Brauchtum des Gl\u00f6cklerlaufes wird heute in einigen Orten\u00a0des ober\u00f6sterreichischen und des steirischen\u00a0Salzkammergutes gepflegt.<\/p>\n<p>Den Ursprung\u00a0fand diese besondere Tradition jedoch in Ebensee.<br \/> Aus diesem Grund gibt es auch in keinem anderen Ort so viele verschiedene Gruppen und Passen als hier und es sind hier wohl\u00a0auch die sch\u00f6nsten und kunstfertigsten Gl\u00f6cklerkappen zu bestaunen.<\/p>\n<p>In Ebensee nehmen am Gl\u00f6cklerlauf jedes Jahr 12 bis 15 Passen mit jeweils zwischen 17 und\u00a029 Gl\u00f6cklerkappen in den unterschiedlichsten Formen und Motiven teil.<\/p>\n<\/div><\/div><div id=\"panel-17-0-0-1\" class=\"so-panel widget widget_sow-image panel-last-child\" data-index=\"1\" ><div\n\t\t\t\n\t\t\tclass=\"so-widget-sow-image so-widget-sow-image-default-8b5b6f678277-17\"\n\t\t\t\n\t\t>\n\n<div class=\"sow-image-container\">\n\t\t<img src=\"https:\/\/www.alt-ebensee.at\/wp\/wp-content\/uploads\/2015\/04\/Image00030-e1430044527213.jpg\" width=\"478\" height=\"372\" srcset=\"https:\/\/www.alt-ebensee.at\/wp\/wp-content\/uploads\/2015\/04\/Image00030-e1430044527213.jpg 478w, https:\/\/www.alt-ebensee.at\/wp\/wp-content\/uploads\/2015\/04\/Image00030-e1430044527213-300x233.jpg 300w\" sizes=\"(max-width: 478px) 100vw, 478px\" title=\"Kripperl\" alt=\"\" loading=\"lazy\" \t\tclass=\"so-widget-image\"\/>\n\t<\/div>\n\n<\/div><\/div><\/div><div id=\"pgc-17-0-1\"  class=\"panel-grid-cell\" ><div id=\"panel-17-0-1-0\" class=\"so-panel widget widget_sow-image panel-first-child\" data-index=\"2\" ><div\n\t\t\t\n\t\t\tclass=\"so-widget-sow-image so-widget-sow-image-default-dbf295114b96-17\"\n\t\t\t\n\t\t>\n\n<div class=\"sow-image-container\">\n\t\t<img src=\"https:\/\/www.alt-ebensee.at\/wp\/wp-content\/uploads\/2015\/04\/Image00029-e1430044502246.jpg\" width=\"294\" height=\"318\" srcset=\"https:\/\/www.alt-ebensee.at\/wp\/wp-content\/uploads\/2015\/04\/Image00029-e1430044502246.jpg 294w, https:\/\/www.alt-ebensee.at\/wp\/wp-content\/uploads\/2015\/04\/Image00029-e1430044502246-277x300.jpg 277w\" sizes=\"(max-width: 294px) 100vw, 294px\" title=\"12-Spitz\" alt=\"\" loading=\"lazy\" \t\tclass=\"so-widget-image\"\/>\n\t<\/div>\n\n<\/div><\/div><div id=\"panel-17-0-1-1\" class=\"so-panel widget widget_sow-image panel-last-child\" data-index=\"3\" ><div\n\t\t\t\n\t\t\tclass=\"so-widget-sow-image so-widget-sow-image-default-8b5b6f678277-17\"\n\t\t\t\n\t\t>\n\n<div class=\"sow-image-container\">\n\t\t<img src=\"https:\/\/www.alt-ebensee.at\/wp\/wp-content\/uploads\/2015\/04\/Image00034.jpg\" width=\"512\" height=\"384\" srcset=\"https:\/\/www.alt-ebensee.at\/wp\/wp-content\/uploads\/2015\/04\/Image00034.jpg 512w, https:\/\/www.alt-ebensee.at\/wp\/wp-content\/uploads\/2015\/04\/Image00034-300x225.jpg 300w\" sizes=\"(max-width: 512px) 100vw, 512px\" title=\"6-Spitz\" alt=\"\" loading=\"lazy\" \t\tclass=\"so-widget-image\"\/>\n\t<\/div>\n\n<\/div><\/div><\/div><\/div><\/div><\/div>","protected":false},"excerpt":{"rendered":"<p>Das Brauchtum des Gl\u00f6cklerlaufes wird heute in einigen Orten\u00a0des ober\u00f6sterreichischen und des steirischen\u00a0Salzkammergutes gepflegt.Den Ursprung\u00a0fand diese besondere Tradition jedoch in Ebensee. Aus diesem Grund gibt es auch in keinem anderen Ort so viele verschiedene Gruppen und Passen als hier und es sind hier wohl\u00a0auch die sch\u00f6nsten und kunstfertigsten Gl\u00f6cklerkappen zu bestaunen.In Ebensee nehmen am Gl\u00f6cklerlauf [&hellip;]<\/p>\n","protected":false},"author":1,"featured_media":0,"parent":0,"menu_order":0,"comment_status":"closed","ping_status":"closed","template":"","meta":{"_mi_skip_tracking":false},"_links":{"self":[{"href":"https:\/\/www.alt-ebensee.at\/wp\/index.php?rest_route=\/wp\/v2\/pages\/17"}],"collection":[{"href":"https:\/\/www.alt-ebensee.at\/wp\/index.php?rest_route=\/wp\/v2\/pages"}],"about":[{"href":"https:\/\/www.alt-ebensee.at\/wp\/index.php?rest_route=\/wp\/v2\/types\/page"}],"author":[{"embeddable":true,"href":"https:\/\/www.alt-ebensee.at\/wp\/index.php?rest_route=\/wp\/v2\/users\/1"}],"replies":[{"embeddable":true,"href":"https:\/\/www.alt-ebensee.at\/wp\/index.php?rest_route=%2Fwp%2Fv2%2Fcomments&post=17"}],"version-history":[{"count":5,"href":"https:\/\/www.alt-ebensee.at\/wp\/index.php?rest_route=\/wp\/v2\/pages\/17\/revisions"}],"predecessor-version":[{"id":71,"href":"https:\/\/www.alt-ebensee.at\/wp\/index.php?rest_route=\/wp\/v2\/pages\/17\/revisions\/71"}],"wp:attachment":[{"href":"https:\/\/www.alt-ebensee.at\/wp\/index.php?rest_route=%2Fwp%2Fv2%2Fmedia&parent=17"}],"curies":[{"name":"wp","href":"https:\/\/api.w.org\/{rel}","templated":true}]}}